{"id":537,"date":"2025-05-15T09:46:16","date_gmt":"2025-05-15T09:46:16","guid":{"rendered":"https:\/\/trustfirstinitiative.com\/?page_id=537"},"modified":"2025-12-18T11:53:40","modified_gmt":"2025-12-18T11:53:40","slug":"kwartiermakers","status":"publish","type":"page","link":"https:\/\/trustfirstinitiative.com\/index.php\/kwartiermakers\/","title":{"rendered":"Kwartiermakers"},"content":{"rendered":"\t\t<div data-elementor-type=\"wp-page\" data-elementor-id=\"537\" class=\"elementor elementor-537\" data-elementor-post-type=\"page\">\n\t\t\t\t<div class=\"elementor-element elementor-element-f5e525b e-flex e-con-boxed e-con e-parent\" data-id=\"f5e525b\" data-element_type=\"container\" data-e-type=\"container\">\n\t\t\t\t\t<div class=\"e-con-inner\">\n\t\t\t\t<div class=\"elementor-element elementor-element-8d61051 elementor-widget elementor-widget-heading\" data-id=\"8d61051\" data-element_type=\"widget\" data-e-type=\"widget\" data-widget_type=\"heading.default\">\n\t\t\t\t<div class=\"elementor-widget-container\">\n\t\t\t\t\t<h2 class=\"elementor-heading-title elementor-size-default\">kwartiermakers<\/h2>\t\t\t\t<\/div>\n\t\t\t\t<\/div>\n\t\t<div class=\"elementor-element elementor-element-918e01d e-con-full e-flex e-con e-child\" data-id=\"918e01d\" data-element_type=\"container\" data-e-type=\"container\">\n\t\t<div class=\"elementor-element elementor-element-a5a5837 e-con-full e-flex e-con e-child\" data-id=\"a5a5837\" data-element_type=\"container\" data-e-type=\"container\">\n\t\t\t\t<div class=\"elementor-element elementor-element-b31b5b0 elementor-cta--layout-image-above elementor-cta--skin-classic elementor-animated-content elementor-bg-transform elementor-bg-transform-zoom-in elementor-widget elementor-widget-call-to-action\" data-id=\"b31b5b0\" data-element_type=\"widget\" data-e-type=\"widget\" data-widget_type=\"call-to-action.default\">\n\t\t\t\t<div class=\"elementor-widget-container\">\n\t\t\t\t\t\t\t<div class=\"elementor-cta\">\n\t\t\t\t\t\t\t<div class=\"elementor-cta__content\">\n\t\t\t\t\t\t\t\t\t<div class=\"elementor-content-item elementor-cta__content-item elementor-cta__image\">\n\t\t\t\t\t\t<img fetchpriority=\"high\" decoding=\"async\" width=\"400\" height=\"400\" src=\"https:\/\/trustfirstinitiative.com\/wp-content\/uploads\/2025\/04\/Egbert-Eeftink.jpg\" class=\"attachment-full size-full wp-image-202\" alt=\"\" srcset=\"https:\/\/trustfirstinitiative.com\/wp-content\/uploads\/2025\/04\/Egbert-Eeftink.jpg 400w, https:\/\/trustfirstinitiative.com\/wp-content\/uploads\/2025\/04\/Egbert-Eeftink-300x300.jpg 300w, https:\/\/trustfirstinitiative.com\/wp-content\/uploads\/2025\/04\/Egbert-Eeftink-150x150.jpg 150w\" sizes=\"(max-width: 400px) 100vw, 400px\" \/>\t\t\t\t\t<\/div>\n\t\t\t\t\n\t\t\t\t\t\t\t\t\t<h4 class=\"elementor-cta__title elementor-cta__content-item elementor-content-item\">\n\t\t\t\t\t\tEgbert Eeftink\t\t\t\t\t<\/h4>\n\t\t\t\t\n\t\t\t\t\t\t\t\t\t<div class=\"elementor-cta__description elementor-cta__content-item elementor-content-item\">\n\t\t\t\t\t\tVoormalig partner en bestuurder \nKPMG\n\t\t\t\t\t<\/div>\n\t\t\t\t\n\t\t\t\t\t\t\t<\/div>\n\t\t\t\t\t\t<\/div>\n\t\t\t\t\t\t<\/div>\n\t\t\t\t<\/div>\n\t\t\t\t<div class=\"elementor-element elementor-element-f29f71c elementor-widget elementor-widget-text-editor\" data-id=\"f29f71c\" data-element_type=\"widget\" data-e-type=\"widget\" data-widget_type=\"text-editor.default\">\n\t\t\t\t<div class=\"elementor-widget-container\">\n\t\t\t\t\t\t\t\t\t<p>Ik geloof dat het anders moet en dat het anders kan. Maar het kan alleen als we het samen anders doen. En er samen in geloven dat \u00e9chte vooruitgang alleen kan plaatsvinden in een omgeving met vertrouwen. Waarbij we ook handelen vanuit de beginselen van vertrouwen en het hogere belang dat we nastreven. En ja, daarbij zal af en toe wat fout gaan.<\/p>\t\t\t\t\t\t\t\t<\/div>\n\t\t\t\t<\/div>\n\t\t\t\t<\/div>\n\t\t<div class=\"elementor-element elementor-element-fbeecb7 e-con-full e-flex e-con e-child\" data-id=\"fbeecb7\" data-element_type=\"container\" data-e-type=\"container\">\n\t\t\t\t<div class=\"elementor-element elementor-element-308e4a7 elementor-cta--layout-image-above elementor-cta--skin-classic elementor-animated-content elementor-bg-transform elementor-bg-transform-zoom-in elementor-widget elementor-widget-call-to-action\" data-id=\"308e4a7\" data-element_type=\"widget\" data-e-type=\"widget\" data-widget_type=\"call-to-action.default\">\n\t\t\t\t<div class=\"elementor-widget-container\">\n\t\t\t\t\t\t\t<div class=\"elementor-cta\">\n\t\t\t\t\t\t\t<div class=\"elementor-cta__content\">\n\t\t\t\t\t\t\t\t\t<div class=\"elementor-content-item elementor-cta__content-item elementor-cta__image\">\n\t\t\t\t\t\t<img decoding=\"async\" width=\"800\" height=\"800\" src=\"https:\/\/trustfirstinitiative.com\/wp-content\/uploads\/2025\/04\/Romy-Blankenspoor.jpg\" class=\"attachment-full size-full wp-image-200\" alt=\"\" srcset=\"https:\/\/trustfirstinitiative.com\/wp-content\/uploads\/2025\/04\/Romy-Blankenspoor.jpg 800w, https:\/\/trustfirstinitiative.com\/wp-content\/uploads\/2025\/04\/Romy-Blankenspoor-300x300.jpg 300w, https:\/\/trustfirstinitiative.com\/wp-content\/uploads\/2025\/04\/Romy-Blankenspoor-150x150.jpg 150w, https:\/\/trustfirstinitiative.com\/wp-content\/uploads\/2025\/04\/Romy-Blankenspoor-768x768.jpg 768w\" sizes=\"(max-width: 800px) 100vw, 800px\" \/>\t\t\t\t\t<\/div>\n\t\t\t\t\n\t\t\t\t\t\t\t\t\t<h4 class=\"elementor-cta__title elementor-cta__content-item elementor-content-item\">\n\t\t\t\t\t\tRomy Blankenspoor\t\t\t\t\t<\/h4>\n\t\t\t\t\n\t\t\t\t\t\t\t\t\t<div class=\"elementor-cta__description elementor-cta__content-item elementor-content-item\">\n\t\t\t\t\t\tPartner bij VDH Bestuurszaken\t\t\t\t\t<\/div>\n\t\t\t\t\n\t\t\t\t\t\t\t<\/div>\n\t\t\t\t\t\t<\/div>\n\t\t\t\t\t\t<\/div>\n\t\t\t\t<\/div>\n\t\t\t\t<div class=\"elementor-element elementor-element-dc1a762 elementor-widget elementor-widget-text-editor\" data-id=\"dc1a762\" data-element_type=\"widget\" data-e-type=\"widget\" data-widget_type=\"text-editor.default\">\n\t\t\t\t<div class=\"elementor-widget-container\">\n\t\t\t\t\t\t\t\t\t<p>Sinds mijn eerste ademhaling op deze aardbol verwonder ik mij over een hardnekkig patroon: systemen waarin mensen samenkomen met een missie \u2013 om te zorgen, te onderwijzen, te beschermen, te bouwen \u2013 raken onder druk juist vaak verder van hun bedoeling af. In plaats van nabijheid, ontstaat afstand. Niet omdat het zo ontworpen is maar omdat regels, protocollen en verantwoordelijkheden het dan vaak overnemen van het gesprek, de bedoeling en het onderlinge vertrouwen.\u00a0<\/p>\t\t\t\t\t\t\t\t<\/div>\n\t\t\t\t<\/div>\n\t\t\t\t<\/div>\n\t\t<div class=\"elementor-element elementor-element-f5262a3 e-con-full e-flex e-con e-child\" data-id=\"f5262a3\" data-element_type=\"container\" data-e-type=\"container\">\n\t\t\t\t<div class=\"elementor-element elementor-element-499390c elementor-cta--layout-image-above elementor-cta--skin-classic elementor-animated-content elementor-bg-transform elementor-bg-transform-zoom-in elementor-widget elementor-widget-call-to-action\" data-id=\"499390c\" data-element_type=\"widget\" data-e-type=\"widget\" data-widget_type=\"call-to-action.default\">\n\t\t\t\t<div class=\"elementor-widget-container\">\n\t\t\t\t\t\t\t<div class=\"elementor-cta\">\n\t\t\t\t\t\t\t<div class=\"elementor-cta__content\">\n\t\t\t\t\t\t\t\t\t<div class=\"elementor-content-item elementor-cta__content-item elementor-cta__image\">\n\t\t\t\t\t\t<img decoding=\"async\" width=\"1690\" height=\"1683\" src=\"https:\/\/trustfirstinitiative.com\/wp-content\/uploads\/2025\/12\/Tjalling-Tiemstra.jpg\" class=\"attachment-full size-full wp-image-1307\" alt=\"\" srcset=\"https:\/\/trustfirstinitiative.com\/wp-content\/uploads\/2025\/12\/Tjalling-Tiemstra.jpg 1690w, https:\/\/trustfirstinitiative.com\/wp-content\/uploads\/2025\/12\/Tjalling-Tiemstra-300x300.jpg 300w, https:\/\/trustfirstinitiative.com\/wp-content\/uploads\/2025\/12\/Tjalling-Tiemstra-1024x1020.jpg 1024w, https:\/\/trustfirstinitiative.com\/wp-content\/uploads\/2025\/12\/Tjalling-Tiemstra-150x150.jpg 150w, https:\/\/trustfirstinitiative.com\/wp-content\/uploads\/2025\/12\/Tjalling-Tiemstra-768x765.jpg 768w, https:\/\/trustfirstinitiative.com\/wp-content\/uploads\/2025\/12\/Tjalling-Tiemstra-1536x1530.jpg 1536w\" sizes=\"(max-width: 1690px) 100vw, 1690px\" \/>\t\t\t\t\t<\/div>\n\t\t\t\t\n\t\t\t\t\t\t\t\t\t<h4 class=\"elementor-cta__title elementor-cta__content-item elementor-content-item\">\n\t\t\t\t\t\tTjalling Tiemstra\t\t\t\t\t<\/h4>\n\t\t\t\t\n\t\t\t\t\t\t\t\t\t<div class=\"elementor-cta__description elementor-cta__content-item elementor-content-item\">\n\t\t\t\t\t\tVoorzitter RvT en bestuurslid\t\t\t\t\t<\/div>\n\t\t\t\t\n\t\t\t\t\t\t\t<\/div>\n\t\t\t\t\t\t<\/div>\n\t\t\t\t\t\t<\/div>\n\t\t\t\t<\/div>\n\t\t\t\t<div class=\"elementor-element elementor-element-8e38c06 elementor-widget elementor-widget-text-editor\" data-id=\"8e38c06\" data-element_type=\"widget\" data-e-type=\"widget\" data-widget_type=\"text-editor.default\">\n\t\t\t\t<div class=\"elementor-widget-container\">\n\t\t\t\t\t\t\t\t\t<p>De meeste mensen zijn het erover eens dat vertrouwen het uitgangspunt zou moeten zijn van ons handelen: in ons persoonlijke en dagelijkse leven, in ons werk en in de politiek. Maar vertrouwen is even kostbaar als kwetsbaar. Het moet daarom ondersteund en beschermd worden. We moeten komen tot \u201cverantwoord vertrouwen\u201d, dat relevant is per context. Daarom moeten we begrijpen hoe we dit vertrouwen mogelijk kunnen maken en kunnen versterken. Maar ook wat het misschien in de weg zit of aan kan tasten.<\/p>\t\t\t\t\t\t\t\t<\/div>\n\t\t\t\t<\/div>\n\t\t\t\t<\/div>\n\t\t<div class=\"elementor-element elementor-element-7295836 e-con-full e-flex e-con e-child\" data-id=\"7295836\" data-element_type=\"container\" data-e-type=\"container\">\n\t\t\t\t<div class=\"elementor-element elementor-element-b0f5889 elementor-cta--layout-image-above elementor-cta--skin-classic elementor-animated-content elementor-bg-transform elementor-bg-transform-zoom-in elementor-widget elementor-widget-call-to-action\" data-id=\"b0f5889\" data-element_type=\"widget\" data-e-type=\"widget\" data-widget_type=\"call-to-action.default\">\n\t\t\t\t<div class=\"elementor-widget-container\">\n\t\t\t\t\t\t\t<div class=\"elementor-cta\">\n\t\t\t\t\t\t\t<div class=\"elementor-cta__content\">\n\t\t\t\t\t\t\t\t\t<div class=\"elementor-content-item elementor-cta__content-item elementor-cta__image\">\n\t\t\t\t\t\t<img loading=\"lazy\" decoding=\"async\" width=\"500\" height=\"500\" src=\"https:\/\/trustfirstinitiative.com\/wp-content\/uploads\/2025\/04\/Monique-van-Dijken.jpg\" class=\"attachment-full size-full wp-image-199\" alt=\"\" srcset=\"https:\/\/trustfirstinitiative.com\/wp-content\/uploads\/2025\/04\/Monique-van-Dijken.jpg 500w, https:\/\/trustfirstinitiative.com\/wp-content\/uploads\/2025\/04\/Monique-van-Dijken-300x300.jpg 300w, https:\/\/trustfirstinitiative.com\/wp-content\/uploads\/2025\/04\/Monique-van-Dijken-150x150.jpg 150w\" sizes=\"(max-width: 500px) 100vw, 500px\" \/>\t\t\t\t\t<\/div>\n\t\t\t\t\n\t\t\t\t\t\t\t\t\t<h4 class=\"elementor-cta__title elementor-cta__content-item elementor-content-item\">\n\t\t\t\t\t\tMonique van Dijken Eeuwijk\t\t\t\t\t<\/h4>\n\t\t\t\t\n\t\t\t\t\t\t\t\t\t<div class=\"elementor-cta__description elementor-cta__content-item elementor-content-item\">\n\t\t\t\t\t\tPartner at MGM Regulatory &amp; Governance en Commissaris\t\t\t\t\t<\/div>\n\t\t\t\t\n\t\t\t\t\t\t\t<\/div>\n\t\t\t\t\t\t<\/div>\n\t\t\t\t\t\t<\/div>\n\t\t\t\t<\/div>\n\t\t\t\t<div class=\"elementor-element elementor-element-16ebe5a elementor-widget elementor-widget-text-editor\" data-id=\"16ebe5a\" data-element_type=\"widget\" data-e-type=\"widget\" data-widget_type=\"text-editor.default\">\n\t\t\t\t<div class=\"elementor-widget-container\">\n\t\t\t\t\t\t\t\t\t<p>Elke actie die we vandaag nemen, heeft een impact op morgen. Het is mijn overtuiging dat we allemaal de verantwoordelijkheid hebben om vandaag de juiste beslissingen te nemen. Om het moment ertoe te laten doen, om dapper te zijn en te varen op een moreel kompas. Want wie zijn wij om niet te geven om onze gezamenlijke toekomst.<\/p>\t\t\t\t\t\t\t\t<\/div>\n\t\t\t\t<\/div>\n\t\t\t\t<\/div>\n\t\t<div class=\"elementor-element elementor-element-cc63f6d e-con-full e-flex e-con e-child\" data-id=\"cc63f6d\" data-element_type=\"container\" data-e-type=\"container\">\n\t\t\t\t<div class=\"elementor-element elementor-element-3fd905c elementor-cta--layout-image-above elementor-cta--skin-classic elementor-animated-content elementor-bg-transform elementor-bg-transform-zoom-in elementor-widget elementor-widget-call-to-action\" data-id=\"3fd905c\" data-element_type=\"widget\" data-e-type=\"widget\" data-widget_type=\"call-to-action.default\">\n\t\t\t\t<div class=\"elementor-widget-container\">\n\t\t\t\t\t\t\t<div class=\"elementor-cta\">\n\t\t\t\t\t\t\t<div class=\"elementor-cta__content\">\n\t\t\t\t\t\t\t\t\t<div class=\"elementor-content-item elementor-cta__content-item elementor-cta__image\">\n\t\t\t\t\t\t<img loading=\"lazy\" decoding=\"async\" width=\"325\" height=\"325\" src=\"https:\/\/trustfirstinitiative.com\/wp-content\/uploads\/2025\/04\/Peter-Paul-Leutscher.jpg\" class=\"attachment-full size-full wp-image-198\" alt=\"\" srcset=\"https:\/\/trustfirstinitiative.com\/wp-content\/uploads\/2025\/04\/Peter-Paul-Leutscher.jpg 325w, https:\/\/trustfirstinitiative.com\/wp-content\/uploads\/2025\/04\/Peter-Paul-Leutscher-300x300.jpg 300w, https:\/\/trustfirstinitiative.com\/wp-content\/uploads\/2025\/04\/Peter-Paul-Leutscher-150x150.jpg 150w\" sizes=\"(max-width: 325px) 100vw, 325px\" \/>\t\t\t\t\t<\/div>\n\t\t\t\t\n\t\t\t\t\t\t\t\t\t<h4 class=\"elementor-cta__title elementor-cta__content-item elementor-content-item\">\n\t\t\t\t\t\tPeter Paul Leutscher\t\t\t\t\t<\/h4>\n\t\t\t\t\n\t\t\t\t\t\t\t\t\t<div class=\"elementor-cta__description elementor-cta__content-item elementor-content-item\">\n\t\t\t\t\t\tThe Other Step , Oxford Leadership,True Purpose Institute\t\t\t\t\t<\/div>\n\t\t\t\t\n\t\t\t\t\t\t\t<\/div>\n\t\t\t\t\t\t<\/div>\n\t\t\t\t\t\t<\/div>\n\t\t\t\t<\/div>\n\t\t\t\t<div class=\"elementor-element elementor-element-c3e56a6 elementor-widget elementor-widget-text-editor\" data-id=\"c3e56a6\" data-element_type=\"widget\" data-e-type=\"widget\" data-widget_type=\"text-editor.default\">\n\t\t\t\t<div class=\"elementor-widget-container\">\n\t\t\t\t\t\t\t\t\t<p>Angst overheerst en het vertrouwen is zoek. We zijn de relatie kwijt met onszelf, de ander en de wereld waarin wij leven. Ik kom elke ochtend uit mijn bed om de wereld voor mijn kinderen en klein kinderen mooier te maken en mensen bewust te maken van de keuzes die ze maken, risico\u2019s te nemen en bij te dragen aan een betekenisvolle wereld.\u00a0<\/p>\t\t\t\t\t\t\t\t<\/div>\n\t\t\t\t<\/div>\n\t\t\t\t<\/div>\n\t\t<div class=\"elementor-element elementor-element-b3ca469 e-con-full e-flex e-con e-child\" data-id=\"b3ca469\" data-element_type=\"container\" data-e-type=\"container\">\n\t\t\t\t<div class=\"elementor-element elementor-element-251d5aa elementor-cta--layout-image-above elementor-cta--skin-classic elementor-animated-content elementor-bg-transform elementor-bg-transform-zoom-in elementor-widget elementor-widget-call-to-action\" data-id=\"251d5aa\" data-element_type=\"widget\" data-e-type=\"widget\" data-widget_type=\"call-to-action.default\">\n\t\t\t\t<div class=\"elementor-widget-container\">\n\t\t\t\t\t\t\t<div class=\"elementor-cta\">\n\t\t\t\t\t\t\t<div class=\"elementor-cta__content\">\n\t\t\t\t\t\t\t\t\t<div class=\"elementor-content-item elementor-cta__content-item elementor-cta__image\">\n\t\t\t\t\t\t<img loading=\"lazy\" decoding=\"async\" width=\"334\" height=\"334\" src=\"https:\/\/trustfirstinitiative.com\/wp-content\/uploads\/2025\/04\/1517706785585-Dirk-Jan.jpg\" class=\"attachment-full size-full wp-image-203\" alt=\"\" srcset=\"https:\/\/trustfirstinitiative.com\/wp-content\/uploads\/2025\/04\/1517706785585-Dirk-Jan.jpg 334w, https:\/\/trustfirstinitiative.com\/wp-content\/uploads\/2025\/04\/1517706785585-Dirk-Jan-300x300.jpg 300w, https:\/\/trustfirstinitiative.com\/wp-content\/uploads\/2025\/04\/1517706785585-Dirk-Jan-150x150.jpg 150w\" sizes=\"(max-width: 334px) 100vw, 334px\" \/>\t\t\t\t\t<\/div>\n\t\t\t\t\n\t\t\t\t\t\t\t\t\t<h4 class=\"elementor-cta__title elementor-cta__content-item elementor-content-item\">\n\t\t\t\t\t\tDirk-Jan de Bruijn\t\t\t\t\t<\/h4>\n\t\t\t\t\n\t\t\t\t\t\t\t\t\t<div class=\"elementor-cta__description elementor-cta__content-item elementor-content-item\">\n\t\t\t\t\t\tvoorzitter Rijks Innovatie Community (RIC)\t\t\t\t\t<\/div>\n\t\t\t\t\n\t\t\t\t\t\t\t<\/div>\n\t\t\t\t\t\t<\/div>\n\t\t\t\t\t\t<\/div>\n\t\t\t\t<\/div>\n\t\t\t\t<div class=\"elementor-element elementor-element-c1fd30a elementor-widget elementor-widget-text-editor\" data-id=\"c1fd30a\" data-element_type=\"widget\" data-e-type=\"widget\" data-widget_type=\"text-editor.default\">\n\t\t\t\t<div class=\"elementor-widget-container\">\n\t\t\t\t\t\t\t\t\t<p>Ons land pronkt n\u00fa fier op allerlei internationale vergelijkingslijstjes van rijkste en gelukkigste landen. Maar als we d\u00e1t willen continueren, ook voor komende generaties dan zullen we als overheid n\u00fa fundamentele stappen moeten zetten. Waarbij innoveren en het benutten van onze voorbeeldrol naar de markt cruciaal is. <\/p>\t\t\t\t\t\t\t\t<\/div>\n\t\t\t\t<\/div>\n\t\t\t\t<\/div>\n\t\t\t\t<\/div>\n\t\t\t\t\t<\/div>\n\t\t\t\t<\/div>\n\t\t<div class=\"elementor-element elementor-element-10c9cec e-flex e-con-boxed e-con e-parent\" data-id=\"10c9cec\" data-element_type=\"container\" data-e-type=\"container\">\n\t\t\t\t\t<div class=\"e-con-inner\">\n\t\t\t\t<div class=\"elementor-element elementor-element-33c016d elementor-widget elementor-widget-spacer\" data-id=\"33c016d\" data-element_type=\"widget\" data-e-type=\"widget\" data-widget_type=\"spacer.default\">\n\t\t\t\t<div class=\"elementor-widget-container\">\n\t\t\t\t\t\t\t<div class=\"elementor-spacer\">\n\t\t\t<div class=\"elementor-spacer-inner\"><\/div>\n\t\t<\/div>\n\t\t\t\t\t\t<\/div>\n\t\t\t\t<\/div>\n\t\t\t\t\t<\/div>\n\t\t\t\t<\/div>\n\t\t\t\t<\/div>\n\t\t","protected":false},"excerpt":{"rendered":"<p>kwartiermakers Egbert Eeftink Voormalig partner en bestuurder KPMG Ik geloof dat het anders moet en dat het anders kan. Maar het kan alleen als we het samen anders doen. En er samen in geloven dat \u00e9chte vooruitgang alleen kan plaatsvinden in een omgeving met vertrouwen. Waarbij we ook handelen vanuit de beginselen van vertrouwen en [&hellip;]<\/p>\n","protected":false},"author":1,"featured_media":0,"parent":0,"menu_order":0,"comment_status":"closed","ping_status":"closed","template":"","meta":{"footnotes":""},"class_list":["post-537","page","type-page","status-publish","hentry"],"_links":{"self":[{"href":"https:\/\/trustfirstinitiative.com\/index.php\/wp-json\/wp\/v2\/pages\/537","targetHints":{"allow":["GET"]}}],"collection":[{"href":"https:\/\/trustfirstinitiative.com\/index.php\/wp-json\/wp\/v2\/pages"}],"about":[{"href":"https:\/\/trustfirstinitiative.com\/index.php\/wp-json\/wp\/v2\/types\/page"}],"author":[{"embeddable":true,"href":"https:\/\/trustfirstinitiative.com\/index.php\/wp-json\/wp\/v2\/users\/1"}],"replies":[{"embeddable":true,"href":"https:\/\/trustfirstinitiative.com\/index.php\/wp-json\/wp\/v2\/comments?post=537"}],"version-history":[{"count":29,"href":"https:\/\/trustfirstinitiative.com\/index.php\/wp-json\/wp\/v2\/pages\/537\/revisions"}],"predecessor-version":[{"id":1311,"href":"https:\/\/trustfirstinitiative.com\/index.php\/wp-json\/wp\/v2\/pages\/537\/revisions\/1311"}],"wp:attachment":[{"href":"https:\/\/trustfirstinitiative.com\/index.php\/wp-json\/wp\/v2\/media?parent=537"}],"curies":[{"name":"wp","href":"https:\/\/api.w.org\/{rel}","templated":true}]}}